{"id":19,"date":"2023-06-06T10:36:45","date_gmt":"2023-06-06T09:36:45","guid":{"rendered":"https:\/\/irsp-ouidah.org\/core\/?page_id=19"},"modified":"2024-01-17T12:11:29","modified_gmt":"2024-01-17T11:11:29","slug":"vie-estudiantine","status":"publish","type":"page","link":"https:\/\/irsp-ouidah.org\/core\/vie-estudiantine\/","title":{"rendered":"Vie estudiantine"},"content":{"rendered":"<p>[et_pb_section fb_built=\u00a0\u00bb1&Prime; admin_label=\u00a0\u00bbHero\u00a0\u00bb _builder_version=\u00a0\u00bb4.21.0&Prime; _module_preset=\u00a0\u00bbdefault\u00a0\u00bb background_color=\u00a0\u00bbRGBA(255,255,255,0)\u00a0\u00bb use_background_color_gradient=\u00a0\u00bbon\u00a0\u00bb background_color_gradient_direction=\u00a0\u00bb118deg\u00a0\u00bb background_color_gradient_stops=\u00a0\u00bbrgba(6,54,97,0.18) 0%|rgba(43,78,136,0.42) 100%\u00a0\u00bb background_color_gradient_overlays_image=\u00a0\u00bbon\u00a0\u00bb background_color_gradient_start=\u00a0\u00bb#063661&Prime; background_color_gradient_end=\u00a0\u00bbrgba(43,78,136,0.67)\u00a0\u00bb background_image=\u00a0\u00bbhttps:\/\/irsp-ouidah.org\/core\/wp-content\/uploads\/2024\/01\/baniere-Estudiantine.jpg\u00a0\u00bb custom_padding=\u00a0\u00bb40px|0px|60px|0px|false|false\u00a0\u00bb bottom_divider_style=\u00a0\u00bbslant2&Prime; bottom_divider_color=\u00a0\u00bbrgba(108,182,246,0.21)\u00a0\u00bb bottom_divider_flip=\u00a0\u00bbvertical\u00a0\u00bb bottom_divider_height_phone=\u00a0\u00bb90px\u00a0\u00bb global_colors_info=\u00a0\u00bb{}\u00a0\u00bb][et_pb_row _builder_version=\u00a0\u00bb4.16&Prime; _module_preset=\u00a0\u00bb4a126240-a5a6-4560-bd5a-c2821512a784&Prime; custom_padding=\u00a0\u00bb27px|0px|0|0px|false|false\u00a0\u00bb custom_width_px=\u00a0\u00bb1440px\u00a0\u00bb global_colors_info=\u00a0\u00bb{}\u00a0\u00bb][et_pb_column type=\u00a0\u00bb4_4&Prime; _builder_version=\u00a0\u00bb4.16&Prime; _module_preset=\u00a0\u00bbdefault\u00a0\u00bb custom_padding=\u00a0\u00bb|||\u00a0\u00bb global_colors_info=\u00a0\u00bb{}\u00a0\u00bb custom_padding__hover=\u00a0\u00bb|||\u00a0\u00bb][et_pb_text _builder_version=\u00a0\u00bb4.21.0&Prime; _module_preset=\u00a0\u00bbdefault\u00a0\u00bb text_font=\u00a0\u00bb||||||||\u00a0\u00bb header_font=\u00a0\u00bbMontserrat|800|||||||\u00a0\u00bb header_font_size=\u00a0\u00bb60px\u00a0\u00bb header_line_height=\u00a0\u00bb1.2em\u00a0\u00bb header_2_font=\u00a0\u00bb||||||||\u00a0\u00bb background_layout=\u00a0\u00bbdark\u00a0\u00bb max_width=\u00a0\u00bb800px\u00a0\u00bb module_alignment=\u00a0\u00bbleft\u00a0\u00bb animation_style=\u00a0\u00bbfade\u00a0\u00bb header_font_size_tablet=\u00a0\u00bb50px\u00a0\u00bb header_font_size_phone=\u00a0\u00bb34px\u00a0\u00bb header_font_size_last_edited=\u00a0\u00bbon|phone\u00a0\u00bb header_text_shadow_style=\u00a0\u00bbpreset3&Prime; locked=\u00a0\u00bboff\u00a0\u00bb global_colors_info=\u00a0\u00bb{}\u00a0\u00bb]<\/p>\n<h1>Vie estudiantine<\/h1>\n<p>[\/et_pb_text][\/et_pb_column][\/et_pb_row][\/et_pb_section][et_pb_section fb_built=\u00a0\u00bb1&Prime; admin_label=\u00a0\u00bbTab_Style_13&Prime; _builder_version=\u00a0\u00bb4.21.0&Prime; _module_preset=\u00a0\u00bbdefault\u00a0\u00bb background_enable_color=\u00a0\u00bboff\u00a0\u00bb custom_margin=\u00a0\u00bb||0px||false|false\u00a0\u00bb custom_padding=\u00a0\u00bb||0px||false|false\u00a0\u00bb global_colors_info=\u00a0\u00bb{}\u00a0\u00bb][et_pb_row admin_label=\u00a0\u00bbTAB MODULE TEMPLATE 13&Prime; module_id=\u00a0\u00bbresidences\u00a0\u00bb _builder_version=\u00a0\u00bb4.21.0&Prime; _module_preset=\u00a0\u00bb4a126240-a5a6-4560-bd5a-c2821512a784&Prime; background_color=\u00a0\u00bbrgba(69,96,96,0.03)\u00a0\u00bb custom_margin=\u00a0\u00bb||10px||false|false\u00a0\u00bb border_width_bottom=\u00a0\u00bb2px\u00a0\u00bb border_color_bottom=\u00a0\u00bb#6CB6F6&Prime; global_colors_info=\u00a0\u00bb{}\u00a0\u00bb][et_pb_column type=\u00a0\u00bb4_4&Prime; _builder_version=\u00a0\u00bb4.16&Prime; _module_preset=\u00a0\u00bbdefault\u00a0\u00bb global_colors_info=\u00a0\u00bb{}\u00a0\u00bb custom_css_main_element_last_edited=\u00a0\u00bboff|tablet\u00a0\u00bb custom_css_main_element_tablet=\u00a0\u00bb||\u00a0\u00bb][et_pb_text _builder_version=\u00a0\u00bb4.21.0&Prime; _module_preset=\u00a0\u00bbdefault\u00a0\u00bb text_font=\u00a0\u00bb|700|||||||\u00a0\u00bb text_text_color=\u00a0\u00bb#54D554&Prime; text_font_size=\u00a0\u00bb25px\u00a0\u00bb text_line_height=\u00a0\u00bb1.3em\u00a0\u00bb custom_padding=\u00a0\u00bb|||25px|false|false\u00a0\u00bb global_colors_info=\u00a0\u00bb{}\u00a0\u00bb]<\/p>\n<p><span>Une exp\u00e9rience de vie \u00e9tudiante in\u00e9gal\u00e9e dans nos r\u00e9sidences universitaires<\/span><\/p>\n<p>[\/et_pb_text][\/et_pb_column][\/et_pb_row][et_pb_row column_structure=\u00a0\u00bb1_2,1_2&Prime; admin_label=\u00a0\u00bbTAB MODULE TEMPLATE 13&Prime; _builder_version=\u00a0\u00bb4.21.0&Prime; _module_preset=\u00a0\u00bb4a126240-a5a6-4560-bd5a-c2821512a784&Prime; custom_padding=\u00a0\u00bb||0px||false|false\u00a0\u00bb hover_enabled=\u00a0\u00bb0&Prime; global_colors_info=\u00a0\u00bb{}\u00a0\u00bb sticky_enabled=\u00a0\u00bb0&Prime;][et_pb_column type=\u00a0\u00bb1_2&Prime; _builder_version=\u00a0\u00bb4.16&Prime; _module_preset=\u00a0\u00bbdefault\u00a0\u00bb global_colors_info=\u00a0\u00bb{}\u00a0\u00bb custom_css_main_element_last_edited=\u00a0\u00bboff|tablet\u00a0\u00bb custom_css_main_element_tablet=\u00a0\u00bb||\u00a0\u00bb][et_pb_text _builder_version=\u00a0\u00bb4.21.0&Prime; _module_preset=\u00a0\u00bbdefault\u00a0\u00bb text_text_color=\u00a0\u00bb#484848&Prime; hover_enabled=\u00a0\u00bb0&Prime; global_colors_info=\u00a0\u00bb{}\u00a0\u00bb sticky_enabled=\u00a0\u00bb0&Prime;]<\/p>\n<p>D\u00e9couvrez nos r\u00e9sidences universitaires, con\u00e7ues pour offrir une exp\u00e9rience de vie \u00e9tudiante exceptionnelle. Nos logements spacieux et confortables sont sp\u00e9cialement con\u00e7us pour r\u00e9pondre aux besoins des \u00e9tudiants, en veillant \u00e0 ce qu&rsquo;ils disposent d&rsquo;un espace propice \u00e0 la concentration, \u00e0 la d\u00e9tente et aux rencontres.<\/p>\n<p>Chaque r\u00e9sidence est dot\u00e9e d&rsquo;installations modernes et de services de qualit\u00e9.\u00a0La s\u00e9curit\u00e9 des r\u00e9sidents est notre priorit\u00e9.\u00a0<\/p>\n<p>En choisissant de vivre dans nos r\u00e9sidences universitaires, vous ferez partie d&rsquo;une communaut\u00e9 \u00e9tudiante dynamique. Vous aurez l&rsquo;occasion de rencontrer des \u00e9tudiants venant de divers horizons, favorisant ainsi les \u00e9changes culturels et la cr\u00e9ation de liens forts.\u00a0<\/p>\n<p>&nbsp;<\/p>\n<p>[\/et_pb_text][\/et_pb_column][et_pb_column type=\u00a0\u00bb1_2&Prime; _builder_version=\u00a0\u00bb4.21.0&Prime; _module_preset=\u00a0\u00bbdefault\u00a0\u00bb custom_padding=\u00a0\u00bb||||false|false\u00a0\u00bb border_radii=\u00a0\u00bbon|10px|10px|10px|10px\u00a0\u00bb border_color_all=\u00a0\u00bb#6CB6F6&Prime; global_colors_info=\u00a0\u00bb{}\u00a0\u00bb custom_css_main_element_last_edited=\u00a0\u00bboff|tablet\u00a0\u00bb custom_css_main_element_tablet=\u00a0\u00bb||\u00a0\u00bb][et_pb_image src=\u00a0\u00bbhttps:\/\/irsp-ouidah.org\/core\/wp-content\/uploads\/2023\/06\/IRSP_RESTAURANT.jpg\u00a0\u00bb title_text=\u00a0\u00bbDCIM100MEDIADJI_0095.JPG\u00a0\u00bb align=\u00a0\u00bbcenter\u00a0\u00bb _builder_version=\u00a0\u00bb4.21.0&Prime; _module_preset=\u00a0\u00bbdefault\u00a0\u00bb width=\u00a0\u00bb90%\u00a0\u00bb module_alignment=\u00a0\u00bbcenter\u00a0\u00bb hover_enabled=\u00a0\u00bb0&Prime; border_radii=\u00a0\u00bbon|20px|20px|20px|20px\u00a0\u00bb global_colors_info=\u00a0\u00bb{}\u00a0\u00bb sticky_enabled=\u00a0\u00bb0&Prime;][\/et_pb_image][\/et_pb_column][\/et_pb_row][et_pb_row _builder_version=\u00a0\u00bb4.21.0&Prime; _module_preset=\u00a0\u00bbdefault\u00a0\u00bb custom_margin=\u00a0\u00bb|auto|25px|auto|false|false\u00a0\u00bb hover_enabled=\u00a0\u00bb0&Prime; global_colors_info=\u00a0\u00bb{}\u00a0\u00bb sticky_enabled=\u00a0\u00bb0&Prime;][et_pb_column type=\u00a0\u00bb4_4&Prime; _builder_version=\u00a0\u00bb4.21.0&Prime; _module_preset=\u00a0\u00bbdefault\u00a0\u00bb global_colors_info=\u00a0\u00bb{}\u00a0\u00bb][et_pb_text _builder_version=\u00a0\u00bb4.21.0&Prime; _module_preset=\u00a0\u00bbdefault\u00a0\u00bb text_text_color=\u00a0\u00bb#484848&Prime; custom_margin=\u00a0\u00bb0px||||false|false\u00a0\u00bb hover_enabled=\u00a0\u00bb0&Prime; global_colors_info=\u00a0\u00bb{}\u00a0\u00bb sticky_enabled=\u00a0\u00bb0&Prime;]<\/p>\n<p>Nous comprenons l&rsquo;importance de se sentir chez soi loin de chez soi. C&rsquo;est pourquoi notre \u00e9quipe d\u00e9vou\u00e9e est toujours disponible pour r\u00e9pondre \u00e0 vos besoins et vous offrir un soutien personnalis\u00e9.<\/p>\n<p>Rejoignez-nous et vivez une exp\u00e9rience unique. Plongez-vous dans une vie \u00e9tudiante vibrante, entour\u00e9 de camarades de classe, de nouvelles amiti\u00e9s et de souvenirs inoubliables.<\/p>\n<p>Les montants des loyers des villas r\u00e9serv\u00e9es aux apprenants sont les suivants :<\/p>\n<p>&nbsp;<\/p>\n<div style=\"overflow-x: auto;\">\n<table border=\"1\" style=\"border-collapse: collapse; width: 100%;\">\n<tbody>\n<tr>\n<td style=\"width: 33.3333%;\"><strong>Type de chambre<\/strong><\/td>\n<td style=\"width: 33.3333%;\"><strong>Montant du loyer<\/strong><\/td>\n<td style=\"width: 33.3333%;\"><strong>Caution<\/strong><\/td>\n<\/tr>\n<tr>\n<td style=\"width: 33.3333%;\"><strong>PC (studio)<\/strong><\/td>\n<td style=\"width: 33.3333%;\">50 000 \/ mois<\/td>\n<td style=\"width: 33.3333%;\">\u00a0100 000<\/td>\n<\/tr>\n<tr>\n<td style=\"width: 33.3333%;\"><strong>PM (s\u00e9jour, chambre, cuisine)<\/strong><\/td>\n<td style=\"width: 33.3333%;\">70 000 \/ mois<\/td>\n<td style=\"width: 33.3333%;\">140 000<\/td>\n<\/tr>\n<\/tbody>\n<\/table>\n<\/div>\n<p>[\/et_pb_text][\/et_pb_column][\/et_pb_row][et_pb_row admin_label=\u00a0\u00bbTAB MODULE TEMPLATE 13&Prime; module_id=\u00a0\u00bbrestaurant\u00a0\u00bb _builder_version=\u00a0\u00bb4.21.0&Prime; _module_preset=\u00a0\u00bb4a126240-a5a6-4560-bd5a-c2821512a784&Prime; background_color=\u00a0\u00bbrgba(69,96,96,0.03)\u00a0\u00bb custom_margin=\u00a0\u00bb||10px||false|false\u00a0\u00bb border_width_bottom=\u00a0\u00bb2px\u00a0\u00bb border_color_bottom=\u00a0\u00bb#6CB6F6&Prime; global_colors_info=\u00a0\u00bb{}\u00a0\u00bb][et_pb_column type=\u00a0\u00bb4_4&Prime; _builder_version=\u00a0\u00bb4.16&Prime; _module_preset=\u00a0\u00bbdefault\u00a0\u00bb global_colors_info=\u00a0\u00bb{}\u00a0\u00bb custom_css_main_element_last_edited=\u00a0\u00bboff|tablet\u00a0\u00bb custom_css_main_element_tablet=\u00a0\u00bb||\u00a0\u00bb][et_pb_text _builder_version=\u00a0\u00bb4.21.0&Prime; _module_preset=\u00a0\u00bbdefault\u00a0\u00bb text_font=\u00a0\u00bb|700|||||||\u00a0\u00bb text_text_color=\u00a0\u00bb#54D554&Prime; text_font_size=\u00a0\u00bb25px\u00a0\u00bb text_line_height=\u00a0\u00bb1.3em\u00a0\u00bb custom_padding=\u00a0\u00bb|||25px|false|false\u00a0\u00bb global_colors_info=\u00a0\u00bb{}\u00a0\u00bb]<\/p>\n<p><span>Explosez vos papilles de bonheur au sein de notre restaurant universitaire<\/span><\/p>\n<p>[\/et_pb_text][\/et_pb_column][\/et_pb_row][et_pb_row column_structure=\u00a0\u00bb1_2,1_2&Prime; admin_label=\u00a0\u00bbTAB MODULE TEMPLATE 13&Prime; _builder_version=\u00a0\u00bb4.21.0&Prime; _module_preset=\u00a0\u00bb4a126240-a5a6-4560-bd5a-c2821512a784&Prime; global_colors_info=\u00a0\u00bb{}\u00a0\u00bb][et_pb_column type=\u00a0\u00bb1_2&Prime; _builder_version=\u00a0\u00bb4.21.0&Prime; _module_preset=\u00a0\u00bbdefault\u00a0\u00bb global_colors_info=\u00a0\u00bb{}\u00a0\u00bb][et_pb_image src=\u00a0\u00bbhttps:\/\/irsp-ouidah.org\/core\/wp-content\/uploads\/2023\/07\/repas.jpg\u00a0\u00bb title_text=\u00a0\u00bbrepas\u00a0\u00bb _builder_version=\u00a0\u00bb4.21.0&Prime; _module_preset=\u00a0\u00bbdefault\u00a0\u00bb width=\u00a0\u00bb80%\u00a0\u00bb module_alignment=\u00a0\u00bbcenter\u00a0\u00bb border_radii=\u00a0\u00bbon|20px|20px|20px|20px\u00a0\u00bb global_colors_info=\u00a0\u00bb{}\u00a0\u00bb][\/et_pb_image][\/et_pb_column][et_pb_column type=\u00a0\u00bb1_2&Prime; _builder_version=\u00a0\u00bb4.16&Prime; _module_preset=\u00a0\u00bbdefault\u00a0\u00bb global_colors_info=\u00a0\u00bb{}\u00a0\u00bb custom_css_main_element_last_edited=\u00a0\u00bboff|tablet\u00a0\u00bb custom_css_main_element_tablet=\u00a0\u00bb||\u00a0\u00bb][et_pb_text _builder_version=\u00a0\u00bb4.21.0&Prime; _module_preset=\u00a0\u00bbdefault\u00a0\u00bb text_text_color=\u00a0\u00bb#484848&Prime; global_colors_info=\u00a0\u00bb{}\u00a0\u00bb]<\/p>\n<p>Au c\u0153ur de notre campus, notre restaurant universitaire vous propose une exp\u00e9rience gastronomique unique. Avec une s\u00e9lection de plats vari\u00e9s, \u00e9quilibr\u00e9s et pr\u00e9par\u00e9s avec soin, nous veillons \u00e0 ce que vous puissiez d\u00e9guster des repas savoureux tout en prenant soin de votre bien-\u00eatre.<\/p>\n<p>En plus de l&rsquo;excellence culinaire, notre restaurant universitaire offre un cadre convivial et accueillant. Que vous choisissiez de partager un repas avec vos camarades d&rsquo;amphi, de discuter avec des \u00e9tudiants venant d&rsquo;horizons diff\u00e9rents ou de vous d\u00e9tendre seul, vous trouverez toujours une ambiance chaleureuse et propice aux \u00e9changes.<\/p>\n<p>D\u00e9couvrez une nouvelle dimension de la vie \u00e9tudiante o\u00f9 la gastronomie devient une exp\u00e9rience \u00e0 part enti\u00e8re. Bienvenue \u00e0 l&rsquo;IRSP, o\u00f9 chaque repas est une occasion de se r\u00e9galer et de cr\u00e9er des souvenirs m\u00e9morables.<\/p>\n<p>[\/et_pb_text][\/et_pb_column][\/et_pb_row][et_pb_row admin_label=\u00a0\u00bbTAB MODULE TEMPLATE 13&Prime; module_id=\u00a0\u00bbsport\u00a0\u00bb _builder_version=\u00a0\u00bb4.21.0&Prime; _module_preset=\u00a0\u00bb4a126240-a5a6-4560-bd5a-c2821512a784&Prime; background_color=\u00a0\u00bbrgba(69,96,96,0.03)\u00a0\u00bb custom_margin=\u00a0\u00bb45px||10px||false|false\u00a0\u00bb border_width_bottom=\u00a0\u00bb2px\u00a0\u00bb border_color_bottom=\u00a0\u00bb#6CB6F6&Prime; global_colors_info=\u00a0\u00bb{}\u00a0\u00bb][et_pb_column type=\u00a0\u00bb4_4&Prime; _builder_version=\u00a0\u00bb4.16&Prime; _module_preset=\u00a0\u00bbdefault\u00a0\u00bb global_colors_info=\u00a0\u00bb{}\u00a0\u00bb custom_css_main_element_last_edited=\u00a0\u00bboff|tablet\u00a0\u00bb custom_css_main_element_tablet=\u00a0\u00bb||\u00a0\u00bb][et_pb_text _builder_version=\u00a0\u00bb4.21.0&Prime; _module_preset=\u00a0\u00bbdefault\u00a0\u00bb text_font=\u00a0\u00bb|700|||||||\u00a0\u00bb text_text_color=\u00a0\u00bb#54D554&Prime; text_font_size=\u00a0\u00bb25px\u00a0\u00bb text_line_height=\u00a0\u00bb1.3em\u00a0\u00bb custom_padding=\u00a0\u00bb|||25px|false|false\u00a0\u00bb global_colors_info=\u00a0\u00bb{}\u00a0\u00bb]<\/p>\n<p><span>Vivez votre passion pour le sport dans nos installations sportives modernes<\/span><\/p>\n<p>[\/et_pb_text][\/et_pb_column][\/et_pb_row][et_pb_row column_structure=\u00a0\u00bb1_2,1_2&Prime; admin_label=\u00a0\u00bbTAB MODULE TEMPLATE 13&Prime; _builder_version=\u00a0\u00bb4.21.0&Prime; _module_preset=\u00a0\u00bb4a126240-a5a6-4560-bd5a-c2821512a784&Prime; custom_margin=\u00a0\u00bb||75px||false|false\u00a0\u00bb custom_padding=\u00a0\u00bb||0px||false|false\u00a0\u00bb global_colors_info=\u00a0\u00bb{}\u00a0\u00bb][et_pb_column type=\u00a0\u00bb1_2&Prime; _builder_version=\u00a0\u00bb4.16&Prime; _module_preset=\u00a0\u00bbdefault\u00a0\u00bb global_colors_info=\u00a0\u00bb{}\u00a0\u00bb custom_css_main_element_last_edited=\u00a0\u00bboff|tablet\u00a0\u00bb custom_css_main_element_tablet=\u00a0\u00bb||\u00a0\u00bb][et_pb_text _builder_version=\u00a0\u00bb4.21.0&Prime; _module_preset=\u00a0\u00bbdefault\u00a0\u00bb text_text_color=\u00a0\u00bb#484848&Prime; global_colors_info=\u00a0\u00bb{}\u00a0\u00bb]<\/p>\n<p>Que vous soyez un fan de football, un amateur de basketball, un passionn\u00e9 de tennis ou que vous aimiez vous adonner \u00e0 d&rsquo;autres activit\u00e9s sportives, notre universit\u00e9 met \u00e0 votre disposition des installations exceptionnelles pour vous permettre de vivre pleinement votre passion.<\/p>\n<p>Nos terrains de sport impeccables, notre gymnase et nos \u00e9quipements de pointe vous offrent l&rsquo;environnement id\u00e9al pour vous entra\u00eener, vous d\u00e9fouler et am\u00e9liorer votre condition physique.<\/p>\n<p>Rejoignez-nous \u00e0 Ouidah et chaque moment pass\u00e9 \u00e0 vous entra\u00eener sera une occasion de vous surpasser et de cr\u00e9er des souvenirs sportifs inoubliables.<\/p>\n<p>[\/et_pb_text][\/et_pb_column][et_pb_column type=\u00a0\u00bb1_2&Prime; _builder_version=\u00a0\u00bb4.21.0&Prime; _module_preset=\u00a0\u00bbdefault\u00a0\u00bb custom_padding=\u00a0\u00bb||||false|false\u00a0\u00bb border_radii=\u00a0\u00bbon|10px|10px|10px|10px\u00a0\u00bb border_color_all=\u00a0\u00bb#6CB6F6&Prime; global_colors_info=\u00a0\u00bb{}\u00a0\u00bb custom_css_main_element_last_edited=\u00a0\u00bboff|tablet\u00a0\u00bb custom_css_main_element_tablet=\u00a0\u00bb||\u00a0\u00bb][et_pb_image src=\u00a0\u00bbhttps:\/\/irsp-ouidah.org\/core\/wp-content\/uploads\/2023\/06\/IRSP_AIRE_SPORT.jpg\u00a0\u00bb title_text=\u00a0\u00bbDCIM100MEDIADJI_0063.JPG\u00a0\u00bb align=\u00a0\u00bbcenter\u00a0\u00bb _builder_version=\u00a0\u00bb4.21.0&Prime; _module_preset=\u00a0\u00bbdefault\u00a0\u00bb width=\u00a0\u00bb90%\u00a0\u00bb module_alignment=\u00a0\u00bbcenter\u00a0\u00bb hover_enabled=\u00a0\u00bb0&Prime; border_radii=\u00a0\u00bbon|20px|20px|20px|20px\u00a0\u00bb global_colors_info=\u00a0\u00bb{}\u00a0\u00bb sticky_enabled=\u00a0\u00bb0&Prime;][\/et_pb_image][\/et_pb_column][\/et_pb_row][\/et_pb_section]<\/p>\n","protected":false},"excerpt":{"rendered":"<p>Vie estudiantineUne exp\u00e9rience de vie \u00e9tudiante in\u00e9gal\u00e9e dans nos r\u00e9sidences universitairesD\u00e9couvrez nos r\u00e9sidences universitaires, con\u00e7ues pour offrir une exp\u00e9rience de vie \u00e9tudiante exceptionnelle. Nos logements spacieux et confortables sont sp\u00e9cialement con\u00e7us pour r\u00e9pondre aux besoins des \u00e9tudiants, en veillant \u00e0 ce qu&rsquo;ils disposent d&rsquo;un espace propice \u00e0 la concentration, \u00e0 la d\u00e9tente et aux rencontres. [&hellip;]<\/p>\n","protected":false},"author":1,"featured_media":0,"parent":0,"menu_order":0,"comment_status":"closed","ping_status":"closed","template":"","meta":{"_et_pb_use_builder":"on","_et_pb_old_content":"<!-- wp:divi\/placeholder \/-->","_et_gb_content_width":"","_monsterinsights_skip_tracking":false,"_monsterinsights_sitenote_active":false,"_monsterinsights_sitenote_note":"","_monsterinsights_sitenote_category":0,"footnotes":""},"class_list":["post-19","page","type-page","status-publish","hentry"],"aioseo_notices":[],"_links":{"self":[{"href":"https:\/\/irsp-ouidah.org\/core\/wp-json\/wp\/v2\/pages\/19","targetHints":{"allow":["GET"]}}],"collection":[{"href":"https:\/\/irsp-ouidah.org\/core\/wp-json\/wp\/v2\/pages"}],"about":[{"href":"https:\/\/irsp-ouidah.org\/core\/wp-json\/wp\/v2\/types\/page"}],"author":[{"embeddable":true,"href":"https:\/\/irsp-ouidah.org\/core\/wp-json\/wp\/v2\/users\/1"}],"replies":[{"embeddable":true,"href":"https:\/\/irsp-ouidah.org\/core\/wp-json\/wp\/v2\/comments?post=19"}],"version-history":[{"count":17,"href":"https:\/\/irsp-ouidah.org\/core\/wp-json\/wp\/v2\/pages\/19\/revisions"}],"predecessor-version":[{"id":987499489,"href":"https:\/\/irsp-ouidah.org\/core\/wp-json\/wp\/v2\/pages\/19\/revisions\/987499489"}],"wp:attachment":[{"href":"https:\/\/irsp-ouidah.org\/core\/wp-json\/wp\/v2\/media?parent=19"}],"curies":[{"name":"wp","href":"https:\/\/api.w.org\/{rel}","templated":true}]}}