{"id":243,"date":"2023-06-14T09:16:14","date_gmt":"2023-06-14T08:16:14","guid":{"rendered":"https:\/\/irsp-ouidah.org\/core\/?page_id=243"},"modified":"2024-01-15T10:16:33","modified_gmt":"2024-01-15T09:16:33","slug":"cours-regional-en-droits-de-sante-sexuelle-et-reproductive","status":"publish","type":"page","link":"https:\/\/irsp-ouidah.org\/core\/cours-regional-en-droits-de-sante-sexuelle-et-reproductive\/","title":{"rendered":"Cours R\u00e9gional en Droits de Sant\u00e9 Sexuelle et Reproductive"},"content":{"rendered":"<p>[et_pb_section fb_built=\u00a0\u00bb1&Prime; admin_label=\u00a0\u00bbHero\u00a0\u00bb _builder_version=\u00a0\u00bb4.21.0&Prime; _module_preset=\u00a0\u00bbdefault\u00a0\u00bb background_color=\u00a0\u00bbRGBA(255,255,255,0)\u00a0\u00bb use_background_color_gradient=\u00a0\u00bbon\u00a0\u00bb background_color_gradient_direction=\u00a0\u00bb118deg\u00a0\u00bb background_color_gradient_stops=\u00a0\u00bbrgba(6,54,97,0.18) 0%|rgba(43,78,136,0.42) 100%\u00a0\u00bb background_color_gradient_overlays_image=\u00a0\u00bbon\u00a0\u00bb background_color_gradient_start=\u00a0\u00bb#063661&Prime; background_color_gradient_end=\u00a0\u00bbrgba(43,78,136,0.67)\u00a0\u00bb background_image=\u00a0\u00bbhttps:\/\/irsp-ouidah.org\/core\/wp-content\/uploads\/2023\/06\/MSSR.jpg\u00a0\u00bb custom_padding=\u00a0\u00bb40px|0px|60px|0px|false|false\u00a0\u00bb bottom_divider_style=\u00a0\u00bbslant2&Prime; bottom_divider_color=\u00a0\u00bbrgba(108,182,246,0.21)\u00a0\u00bb bottom_divider_flip=\u00a0\u00bbvertical\u00a0\u00bb bottom_divider_height_phone=\u00a0\u00bb90px\u00a0\u00bb global_colors_info=\u00a0\u00bb{}\u00a0\u00bb][et_pb_row _builder_version=\u00a0\u00bb4.16&Prime; _module_preset=\u00a0\u00bb4a126240-a5a6-4560-bd5a-c2821512a784&Prime; custom_padding=\u00a0\u00bb27px|0px|0|0px|false|false\u00a0\u00bb custom_width_px=\u00a0\u00bb1440px\u00a0\u00bb global_colors_info=\u00a0\u00bb{}\u00a0\u00bb][et_pb_column type=\u00a0\u00bb4_4&Prime; _builder_version=\u00a0\u00bb4.16&Prime; _module_preset=\u00a0\u00bbdefault\u00a0\u00bb custom_padding=\u00a0\u00bb|||\u00a0\u00bb global_colors_info=\u00a0\u00bb{}\u00a0\u00bb custom_padding__hover=\u00a0\u00bb|||\u00a0\u00bb][et_pb_text _builder_version=\u00a0\u00bb4.21.0&Prime; _module_preset=\u00a0\u00bbdefault\u00a0\u00bb text_font=\u00a0\u00bb||||||||\u00a0\u00bb header_font=\u00a0\u00bbMontserrat|800|||||||\u00a0\u00bb header_font_size=\u00a0\u00bb60px\u00a0\u00bb header_line_height=\u00a0\u00bb1.2em\u00a0\u00bb header_2_font=\u00a0\u00bb||||||||\u00a0\u00bb background_layout=\u00a0\u00bbdark\u00a0\u00bb max_width=\u00a0\u00bb800px\u00a0\u00bb module_alignment=\u00a0\u00bbleft\u00a0\u00bb animation_style=\u00a0\u00bbfade\u00a0\u00bb header_font_size_tablet=\u00a0\u00bb50px\u00a0\u00bb header_font_size_phone=\u00a0\u00bb34px\u00a0\u00bb header_font_size_last_edited=\u00a0\u00bbon|phone\u00a0\u00bb header_text_shadow_style=\u00a0\u00bbpreset3&Prime; locked=\u00a0\u00bboff\u00a0\u00bb global_colors_info=\u00a0\u00bb{}\u00a0\u00bb]<\/p>\n<h1>Cours R\u00e9gional en<\/h1>\n<h1><span class=\"span-titre-baner-formation\">Droits de Sant\u00e9 Sexuelle et Reproductive<\/span><\/h1>\n<p>[\/et_pb_text][\/et_pb_column][\/et_pb_row][\/et_pb_section][et_pb_section fb_built=\u00a0\u00bb1&Prime; admin_label=\u00a0\u00bbTab_Style_13&Prime; _builder_version=\u00a0\u00bb4.16&Prime; _module_preset=\u00a0\u00bbdefault\u00a0\u00bb background_enable_color=\u00a0\u00bboff\u00a0\u00bb global_colors_info=\u00a0\u00bb{}\u00a0\u00bb][et_pb_row column_structure=\u00a0\u00bb3_4,1_4&Prime; admin_label=\u00a0\u00bbTAB MODULE TEMPLATE 13&Prime; _builder_version=\u00a0\u00bb4.21.0&Prime; _module_preset=\u00a0\u00bb4a126240-a5a6-4560-bd5a-c2821512a784&Prime; global_colors_info=\u00a0\u00bb{}\u00a0\u00bb][et_pb_column type=\u00a0\u00bb3_4&Prime; _builder_version=\u00a0\u00bb4.16&Prime; _module_preset=\u00a0\u00bbdefault\u00a0\u00bb global_colors_info=\u00a0\u00bb{}\u00a0\u00bb custom_css_main_element_last_edited=\u00a0\u00bboff|tablet\u00a0\u00bb custom_css_main_element_tablet=\u00a0\u00bb||\u00a0\u00bb][et_pb_text _builder_version=\u00a0\u00bb4.21.0&Prime; _module_preset=\u00a0\u00bbdefault\u00a0\u00bb text_text_color=\u00a0\u00bb#484848&Prime; global_colors_info=\u00a0\u00bb{}\u00a0\u00bb]<\/p>\n<p style=\"text-align: justify;\">L\u2019Institut R\u00e9gional de Sant\u00e9 Publique (IRSP) en collaboration avec l\u2019Institut Royal des Tropiques (KIT) ont identifi\u00e9 le renforcement des connaissances et l\u2019exp\u00e9rience r\u00e9gionale africaine pour lever les obstacles importants qui se posent dans sant\u00e9 sexuelle et reproductive (DSSR).<\/p>\n<p style=\"text-align: justify;\">En effet, dans les pays francophones d&rsquo;Afrique, il persiste de nombreuses difficult\u00e9s d\u2019acc\u00e8s \u00e0 la sant\u00e9 sexuelle et reproductive (SSR) : les jeunes, adolescents, femmes, et surtout les populations vuln\u00e9rables ont tr\u00e8s peu d\u2019influence sur leurs droits de la sante de la reproduction, un acc\u00e8s tr\u00e8s limit\u00e9 aux services et informations sur la SSR, l&rsquo;utilisation des m\u00e9thodes de planification familiale moderne est tr\u00e8s faible, le mariage pr\u00e9coce et les grossesses \u00e0 risques sont fr\u00e9quents. Ces obstacles constituent d&rsquo;\u00e9normes d\u00e9fis pour la r\u00e9duction de la pauvret\u00e9, l\u2019am\u00e9lioration de la SSR, la mortalit\u00e9 maternelle et juv\u00e9nile dans cette r\u00e9gion africaine.<\/p>\n<p>[\/et_pb_text][et_pb_tabs active_tab_background_color=\u00a0\u00bb#ffffff\u00a0\u00bb inactive_tab_background_color=\u00a0\u00bb#6CB6F6&Prime; active_tab_text_color=\u00a0\u00bb#54D554&Prime; admin_label=\u00a0\u00bbStyle 13&Prime; module_id=\u00a0\u00bbmy-formation-tabs\u00a0\u00bb module_class=\u00a0\u00bbet_pb_tabs_dct_2_13&Prime; _builder_version=\u00a0\u00bb4.21.0&Prime; _module_preset=\u00a0\u00bbdefault\u00a0\u00bb tab_text_color=\u00a0\u00bb#ffffff\u00a0\u00bb body_text_align=\u00a0\u00bbjustify\u00a0\u00bb body_text_color=\u00a0\u00bb#484848&Prime; body_line_height=\u00a0\u00bb25px\u00a0\u00bb tab_font_size=\u00a0\u00bb14px\u00a0\u00bb custom_margin=\u00a0\u00bb||15px||false|false\u00a0\u00bb custom_margin_tablet=\u00a0\u00bb||15px||false|false\u00a0\u00bb custom_margin_phone=\u00a0\u00bb||15px||false|false\u00a0\u00bb custom_margin_last_edited=\u00a0\u00bboff|phone\u00a0\u00bb custom_padding=\u00a0\u00bb||3px|||\u00a0\u00bb custom_padding_tablet=\u00a0\u00bb||0px||false|false\u00a0\u00bb custom_padding_phone=\u00a0\u00bb||0px||false|false\u00a0\u00bb custom_padding_last_edited=\u00a0\u00bbon|phone\u00a0\u00bb custom_css_tabs_controls=\u00a0\u00bbbackground: 0 0;\u00a0\u00bb custom_css_tab=\u00a0\u00bbborder-right: none;||margin-bottom: 0;||margin-right: 8px;||height: auto;\u00a0\u00bb custom_css_tabs_content=\u00a0\u00bbposition: relative;||height: 100%;||\/*border-bottom: 5px solid #6cb6f6;*\/||\u00a0\u00bb border_width_all=\u00a0\u00bb0px\u00a0\u00bb global_colors_info=\u00a0\u00bb{}\u00a0\u00bb inactive_tab_background_color__hover_enabled=\u00a0\u00bbon|hover\u00a0\u00bb inactive_tab_background_color__hover=\u00a0\u00bb#54D554&Prime; custom_css_tab_last_edited=\u00a0\u00bbon|desktop\u00a0\u00bb custom_css_tab_tablet=\u00a0\u00bbdisplay: grid;||float: none;||text-align: center;||border-right: none;||margin-bottom: 10px;\u00a0\u00bb active_tab_background_color__hover_enabled=\u00a0\u00bbon|hover\u00a0\u00bb active_tab_text_color__hover_enabled=\u00a0\u00bboff|hover\u00a0\u00bb border_radii__hover_enabled=\u00a0\u00bboff|hover\u00a0\u00bb custom_css_tab_phone=\u00a0\u00bbdisplay: grid;||float: none;||text-align: center;||border-right: none;||margin-bottom: 10px;\u00a0\u00bb active_tab_background_color__hover=\u00a0\u00bb#ffffff\u00a0\u00bb custom_margin__hover_enabled=\u00a0\u00bboff|desktop\u00a0\u00bb][et_pb_tab title=\u00a0\u00bbPr\u00e9sentation\u00a0\u00bb _builder_version=\u00a0\u00bb4.21.0&Prime; _module_preset=\u00a0\u00bbdefault\u00a0\u00bb custom_padding_tablet=\u00a0\u00bb\u00a0\u00bb custom_padding_phone=\u00a0\u00bb|3px||3px|false|false\u00a0\u00bb custom_padding_last_edited=\u00a0\u00bbon|phone\u00a0\u00bb custom_css_after=\u00a0\u00bbborder:none;\u00a0\u00bb global_colors_info=\u00a0\u00bb{}\u00a0\u00bb]<\/p>\n<p>Ce cours r\u00e9gional en ligne et \u00e0 distance en DSSR est d\u00e9velopp\u00e9 et mis en \u0153uvre avec la collaboration de quatre autres institutions de formation du Mali (d\u00e9partement de sant\u00e9 publique de Bamako), Niger (Institut de sant\u00e9 publique) et Togo (Centre de formation en sant\u00e9 publique).<\/p>\n<p>Cette formation r\u00e9gionale donnera la possibilit\u00e9 aux professionnels qui ne sont pas disponibles pour suivre les cours en temps plein, pr\u00e9sentiel ou de longue dur\u00e9e, d\u2019acc\u00e9der \u00e0 cet enseignement important en DSSR.<\/p>\n<h3 class=\"h3-formation-section\"><span class=\"span-formation-section\"><strong>Objectifs de la formation<\/strong><\/span><\/h3>\n<h4><strong>Objectif g\u00e9n\u00e9ral<\/strong><\/h4>\n<p>Ce cours r\u00e9gional vise \u00e0 renforcer les comp\u00e9tences des acteurs de d\u00e9veloppement de la r\u00e9gion africaine en mati\u00e8re de Droit de la Sant\u00e9 sexuelle et de la Reproduction pour qu\u2019ils induisent au sein des communaut\u00e9s des changements de comportement en mati\u00e8re de DSSR.<\/p>\n<h4><strong>Objectifs sp\u00e9cifiques<\/strong><\/h4>\n<ol class=\"ul-formation\">\n<li>Expliquer les probl\u00e8mes et les besoins en mati\u00e8re de droits en sant\u00e9 sexuelle et reproductive<\/li>\n<li>Planifier les interventions d\u2019am\u00e9lioration en mati\u00e8re de DSSR en tenant compte des approches d\u2019\u00e9quit\u00e9 et de genre dans la r\u00e9solution des probl\u00e8mes de la sant\u00e9sexuelle et reproductive<\/li>\n<li>Assurer la Gouvernance leadership \u00e9co-justice en DSSR<\/li>\n<li>Communiquer en vue d\u2019un changement de comportement en mati\u00e8re de DSSR<\/li>\n<li>Assurer le suivi-Evaluation des interventions en DSSR.<\/li>\n<\/ol>\n<h3 class=\"h3-formation-section\" style=\"text-align: left;\"><span class=\"span-formation-section\"><strong>Organisation de la formation et approche p\u00e9dagogique<\/strong><\/span><\/h3>\n<p>Cette formation se d\u00e9roulera en ligne et \u00e0 distance et durera en moyenne dix semaines. La m\u00e9thode p\u00e9dagogique utilis\u00e9e par les intervenants est tr\u00e8s participative et repose sur une implication personnelle importante.\u00a0 Ceci permettra de privil\u00e9gier une des m\u00e9thodes d\u2019enseignement comme e-learning qui mettent le participant dans une situation active pour apprendre.<\/p>\n<p>Ax\u00e9 sur la pratique, l&rsquo;enseignement se base sur le transfert d\u2019information, la communication et l\u2019interaction entre l\u2019enseignant et l\u2019\u00e9tudiant dans la plateforme Moodle. Enfin les \u00e9valuations des modules se feront de fa\u00e7on continue et \u00e0 la fin de la formation en ligne et \u00e0 distance au niveau des institutions partenaires ou structures retenues dans les pays.<\/p>\n<p>&nbsp;<\/p>\n<p>[\/et_pb_tab][et_pb_tab title=\u00a0\u00bbContenu\u00a0\u00bb _builder_version=\u00a0\u00bb4.21.0&Prime; _module_preset=\u00a0\u00bbdefault\u00a0\u00bb custom_padding=\u00a0\u00bb||||false|false\u00a0\u00bb custom_padding_tablet=\u00a0\u00bb||||false|false\u00a0\u00bb custom_padding_phone=\u00a0\u00bb|3px||3px|false|false\u00a0\u00bb custom_padding_last_edited=\u00a0\u00bbon|phone\u00a0\u00bb custom_css_after=\u00a0\u00bbborder:none;\u00a0\u00bb global_colors_info=\u00a0\u00bb{}\u00a0\u00bb]Ce cours r\u00e9gional en DSSR est compos\u00e9 de six (06) unit\u00e9s d\u2019enseignement (UE) de douze (12) cr\u00e9dits. Le tableau suivant pr\u00e9sente la r\u00e9partition des EU dans l\u2019ordre chronologique d\u2019ex\u00e9cution et par nombre de cr\u00e9dit.<\/p>\n<p>&nbsp;<\/p>\n<div style=\"overflow-x: auto;\">\n<table border=\"1\" style=\"border-collapse: collapse; width: 100%;\">\n<tbody>\n<tr>\n<td style=\"width: 9.70871%;\"><strong>N\u00b0<\/strong><\/td>\n<td style=\"width: 68.932%;\"><strong>Nom de l&rsquo;Unit\u00e9 d&rsquo;Enseignement (UE)<\/strong><\/td>\n<td style=\"width: 21.3592%;\"><strong>Cr\u00e9dit<\/strong><\/td>\n<\/tr>\n<tr>\n<td style=\"width: 9.70871%;\"><strong>1<\/strong><\/td>\n<td style=\"width: 68.932%;\"><strong>UE1 :\u00a0<\/strong>Introduction \u00e0 la SSR<\/td>\n<td style=\"width: 21.3592%;\">02<\/td>\n<\/tr>\n<tr>\n<td style=\"width: 9.70871%;\"><strong>2<\/strong><\/td>\n<td style=\"width: 68.932%;\"><strong>UE2 : <\/strong>G\u00e9n\u00e9ralit\u00e9s sur les genres \u00e9quit\u00e9 groupe marginalis\u00e9 en DSSR<\/td>\n<td style=\"width: 21.3592%;\">02<\/td>\n<\/tr>\n<tr>\n<td style=\"width: 9.70871%;\"><strong>3<\/strong><\/td>\n<td style=\"width: 68.932%;\"><strong>UE3 : <\/strong>Gestion des services de DSSR<\/td>\n<td style=\"width: 21.3592%;\">02<\/td>\n<\/tr>\n<tr>\n<td style=\"width: 9.70871%;\"><strong>4<\/strong><\/td>\n<td style=\"width: 68.932%;\"><strong>UE4 : <\/strong>Gouvernance leadership \u00e9co-justice en DSSR<\/td>\n<td style=\"width: 21.3592%;\">02<\/td>\n<\/tr>\n<tr>\n<td style=\"width: 9.70871%;\"><strong>5<\/strong><\/td>\n<td style=\"width: 68.932%;\"><strong>UE5 : <\/strong>Intervention et communication en DSSR<\/td>\n<td style=\"width: 21.3592%;\">02<\/td>\n<\/tr>\n<tr>\n<td style=\"width: 9.70871%;\"><strong>6<\/strong><\/td>\n<td style=\"width: 68.932%;\"><strong>UE6 : <\/strong>Suivi-Evaluation des interventions en DSSR<\/td>\n<td style=\"width: 21.3592%;\">02<\/td>\n<\/tr>\n<tr>\n<td colspan=\"2\" style=\"width: 9.70871%; text-align: center;\"><strong>Total<\/strong><\/td>\n<td style=\"width: 21.3592%;\">12<strong>UE1 :<\/strong><\/td>\n<\/tr>\n<\/tbody>\n<\/table>\n<\/div>\n<p>[\/et_pb_tab][et_pb_tab title=\u00a0\u00bbAdmission\u00a0\u00bb _builder_version=\u00a0\u00bb4.21.0&Prime; _module_preset=\u00a0\u00bbdefault\u00a0\u00bb custom_padding=\u00a0\u00bb||||false|false\u00a0\u00bb custom_padding_tablet=\u00a0\u00bb||||false|false\u00a0\u00bb custom_padding_phone=\u00a0\u00bb|3px||3px|false|false\u00a0\u00bb custom_padding_last_edited=\u00a0\u00bbon|phone\u00a0\u00bb custom_css_after=\u00a0\u00bbborder:none;\u00a0\u00bb global_colors_info=\u00a0\u00bb{}\u00a0\u00bb]<\/p>\n<p>Peuvent postuler \u00e0 ce master les personnes remplissant les conditions suivantes:<\/p>\n<p>Etre titulaire d\u2019une licence ou du baccalaur\u00e9at (et justifier d\u2019au moins deux ann\u00e9es d\u2019\u00e9tudes sup\u00e9rieures) en sciences sociales, sciences juridiques, communications ou sciences de la sant\u00e9.<\/p>\n<p>&nbsp;<\/p>\n<h3 class=\"h3-formation-section\"><span class=\"span-formation-section\"><strong>Candidature<\/strong><\/span><\/h3>\n<p>Le dossier de demande d\u2019inscription, adress\u00e9 au Directeur de l\u2019IRSP, doit comporter les pi\u00e8ces suivantes:\u00a0<\/p>\n<ol>\n<li>Une lettre de demande,<\/li>\n<li>Un curriculum vitae,<\/li>\n<li>Une photocopie l\u00e9galis\u00e9e des dipl\u00f4mes universitaires,<\/li>\n<li>Un extrait d\u2019acte de naissance,<\/li>\n<li>Une lettre de recommandation d\u2018un chef hi\u00e9rarchique ou d\u2019un responsable intervenant dans le domaine de la sant\u00e9 sexuelle et reproductive.<\/li>\n<\/ol>\n<p>&nbsp;<\/p>\n<h3 class=\"h3-formation-section\"><span class=\"span-formation-section\"><strong>Prochaine rentr\u00e9e<\/strong><\/span><\/h3>\n<p><span>Nous tenons \u00e0 vous informer que la date de la prochaine rentr\u00e9e n&rsquo;est pas encore fix\u00e9e. Nous comprenons que vous souhaitez obtenir ces informations afin de planifier votre participation, et nous nous engageons \u00e0 vous tenir inform\u00e9 en temps opportun.<\/span><\/p>\n<p>[\/et_pb_tab][et_pb_tab title=\u00a0\u00bbCo\u00fbt\u00a0\u00bb _builder_version=\u00a0\u00bb4.21.0&Prime; _module_preset=\u00a0\u00bbdefault\u00a0\u00bb custom_padding_tablet=\u00a0\u00bb\u00a0\u00bb custom_padding_phone=\u00a0\u00bb|3px||3px|false|false\u00a0\u00bb custom_padding_last_edited=\u00a0\u00bbon|phone\u00a0\u00bb custom_css_after=\u00a0\u00bbborder:none;\u00a0\u00bb global_colors_info=\u00a0\u00bb{}\u00a0\u00bb]<\/p>\n<p>&nbsp;<\/p>\n<p>Le co\u00fbt de la formation est de <strong>cent cinquante\u00a0 mille (150 000) FCFA<\/strong> par apprenant.<\/p>\n<p>&nbsp;<\/p>\n<p>[\/et_pb_tab][\/et_pb_tabs][et_pb_text _builder_version=\u00a0\u00bb4.21.0&Prime; _module_preset=\u00a0\u00bbdefault\u00a0\u00bb text_text_color=\u00a0\u00bb#484848&Prime; text_line_height=\u00a0\u00bb1.8em\u00a0\u00bb custom_margin=\u00a0\u00bb||||false|false\u00a0\u00bb hover_enabled=\u00a0\u00bb0&Prime; global_colors_info=\u00a0\u00bb{}\u00a0\u00bb sticky_enabled=\u00a0\u00bb0&Prime;]<\/p>\n<p>Prendre contact avec le CFESCO pour plus d&rsquo;information, aux adresses suivantes :<\/p>\n<p style=\"padding-left: 40px;\"><a href=\"mailto:cfesco@irsp-ouidah.org\">cfesco@irsp-ouidah.org<\/a><a href=\"mailto:snassara@irsp-ouidah.org\"> <\/a><\/p>\n<p style=\"padding-left: 40px;\"><span style=\"text-decoration: underline;\">Tel. Mobile :<\/span> (+229) 41274335<\/p>\n<p>[\/et_pb_text][et_pb_text _builder_version=\u00a0\u00bb4.21.0&Prime; _module_preset=\u00a0\u00bbdefault\u00a0\u00bb global_colors_info=\u00a0\u00bb{}\u00a0\u00bb]<\/p>\n<div class=\"div-button-train-up\">\n<p><button class=\"button-train-up\" id=\"lien-presentation-tab\"><strong>\u2191 Pr\u00e9sentation<\/strong><\/button><\/p>\n<p><button class=\"button-train-up\" id=\"lien-contenu-tab\"><strong>\u2191 Contenu<\/strong><\/button><\/p>\n<p><button class=\"button-train-up\" id=\"lien-admission-tab\"><strong>\u2191 Admission<\/strong><\/button><\/p>\n<p><button class=\"button-train-up\" id=\"lien-cout-tab\"><strong>\u2191 Co\u00fbt<\/strong><\/button><\/p>\n<p><button class=\"button-train-up\" id=\"lien-etapres-tab\"><strong>\u2191 Et apr\u00e8s?<\/strong><\/button><\/p>\n<\/div>\n<p>[\/et_pb_text][et_pb_code admin_label=\u00a0\u00bbTEMPLATE 13  Style 13 CSS\u00a0\u00bb _builder_version=\u00a0\u00bb4.21.0&Prime; _module_preset=\u00a0\u00bbdefault\u00a0\u00bb locked=\u00a0\u00bboff\u00a0\u00bb global_colors_info=\u00a0\u00bb{}\u00a0\u00bb]<\/p>\n<style><!-- [et_pb_line_break_holder] -->a:focus,<!-- [et_pb_line_break_holder] -->a:hover {<!-- [et_pb_line_break_holder] -->\ttext-decoration: none;<!-- [et_pb_line_break_holder] -->\toutline: 0<!-- [et_pb_line_break_holder] -->}<!-- [et_pb_line_break_holder] --> .et_pb_tabs_dct_2_13 .et_pb_tabs_controls li a {<!-- [et_pb_line_break_holder] -->\tdisplay: inline-block;<!-- [et_pb_line_break_holder] -->\tpadding: 15px 25px;<!-- [et_pb_line_break_holder] -->\tborder-radius: 0;<!-- [et_pb_line_break_holder] -->\tposition: relative;<!-- [et_pb_line_break_holder] -->\tborder: none;<!-- [et_pb_line_break_holder] -->\ttransition: all .5s ease 0s;<!-- [et_pb_line_break_holder] -->   width:100%;<!-- [et_pb_line_break_holder] -->} <!-- [et_pb_line_break_holder] --> .et_pb_tabs_dct_2_13 .et_pb_tabs_controls li a:before {<!-- [et_pb_line_break_holder] -->\tcontent: \"\";<!-- [et_pb_line_break_holder] -->\twidth: 95%;<!-- [et_pb_line_break_holder] -->\tborder: 3px solid #6cb6f6;<!-- [et_pb_line_break_holder] -->\tposition: absolute;<!-- [et_pb_line_break_holder] -->\ttop: -5px;<!-- [et_pb_line_break_holder] -->\tleft: 0;<!-- [et_pb_line_break_holder] -->\ttransform: rotateY(-90deg);<!-- [et_pb_line_break_holder] -->\ttransition: all .5s ease 0s<!-- [et_pb_line_break_holder] -->}<!-- [et_pb_line_break_holder] --><!-- [et_pb_line_break_holder] -->.et_pb_tabs_dct_2_13 .et_pb_tabs_controls li a:hover:before,<!-- [et_pb_line_break_holder] -->.et_pb_tabs_dct_2_13 .et_pb_tabs_controls li.et_pb_tab_active a:before {<!-- [et_pb_line_break_holder] -->\ttransform: rotateY(0)<!-- [et_pb_line_break_holder] -->}<!-- [et_pb_line_break_holder] --><\/style>\n<p>[\/et_pb_code][\/et_pb_column][et_pb_column type=\u00a0\u00bb1_4&Prime; _builder_version=\u00a0\u00bb4.21.0&Prime; _module_preset=\u00a0\u00bbdefault\u00a0\u00bb custom_padding=\u00a0\u00bb||||false|false\u00a0\u00bb border_radii=\u00a0\u00bbon|10px|10px|10px|10px\u00a0\u00bb border_color_all=\u00a0\u00bb#6CB6F6&Prime; global_colors_info=\u00a0\u00bb{}\u00a0\u00bb custom_css_main_element_last_edited=\u00a0\u00bboff|tablet\u00a0\u00bb custom_css_main_element_tablet=\u00a0\u00bb||\u00a0\u00bb][et_pb_blurb title=\u00a0\u00bbToutes nos formations\u00a0\u00bb image=\u00a0\u00bbhttps:\/\/irsp-ouidah.org\/core\/wp-content\/uploads\/2023\/06\/graduation_hat.jpg\u00a0\u00bb _builder_version=\u00a0\u00bb4.21.0&Prime; _module_preset=\u00a0\u00bbdefault\u00a0\u00bb header_level=\u00a0\u00bbh5&Prime; header_font=\u00a0\u00bb|800||on|||||\u00a0\u00bb header_text_align=\u00a0\u00bbcenter\u00a0\u00bb header_text_color=\u00a0\u00bb#6CB6F6&Prime; header_line_height=\u00a0\u00bb1.4em\u00a0\u00bb body_link_text_color=\u00a0\u00bb#6A747C\u00a0\u00bb image_icon_custom_margin=\u00a0\u00bb||0px||false|false\u00a0\u00bb image_icon_custom_padding=\u00a0\u00bb||0px||false|false\u00a0\u00bb custom_css_blurb_image=\u00a0\u00bbmargin-bottom:0px;||\u00a0\u00bb custom_css_blurb_title=\u00a0\u00bbmargin-bottom:0px;||padding-bottom:5px;\u00a0\u00bb global_module=\u00a0\u00bb65&Prime; saved_tabs=\u00a0\u00bball\u00a0\u00bb global_colors_info=\u00a0\u00bb{}\u00a0\u00bb]<\/p>\n<p style=\"color: white; background: #54d554; padding: 5px 8px 5px 5px; border: solid 0px #6c6bf6; width: 100%; text-align: center; margin-bottom: 5px;\"><strong>Cours de longue dur\u00e9e<\/strong><\/p>\n<div style=\"background-color: #f6f6f6; padding: 10px; margin-bottom: 2px;\">\n<p><strong>Licences<\/strong><\/p>\n<ul style=\"list-style-type: '\u2192 '; margin-bottom: -30px;\">\n<li class=\"link-hover-blue\"><a class=\"link-hover-blue\" href=\"\/core\/licence-en-logistique-de-sante\/\">Licence en Logistique de Sant\u00e9 <\/a><\/li>\n<li class=\"link-hover-blue\"><a href=\"\/core\/licence-en-sante-publique\/\">Licence en Sant\u00e9 Publique<\/a><\/li>\n<\/ul>\n<\/div>\n<div style=\"background-color: #f6f6f6; padding: 10px; margin-bottom: 2px;\">\n<p><strong>Masters<\/strong><\/p>\n<ul style=\"list-style-type: '\u2192 '; margin-bottom: -30px;\">\n<li class=\"link-hover-blue\"><a href=\"\/core\/master-en-epidemiologie\/\">Master en \u00c9pid\u00e9miologie<\/a><\/li>\n<li class=\"link-hover-blue\"><a href=\"\/core\/master-hygiene-hospitaliere-et-securite-des-patients\/\">Master en Hygi\u00e8ne Hospitali\u00e8re et S\u00e9curit\u00e9 des Patients <\/a><\/li>\n<li class=\"link-hover-blue\"><a href=\"\/core\/master-en-logistique-de-sante\/\">Master en Logistique de Sant\u00e9 <\/a><\/li>\n<li class=\"link-hover-blue\"><a href=\"\/core\/master-en-nutrition-et-sante-des-populations\/\">Master en Nutrition et Sant\u00e9 des Populations <\/a><\/li>\n<li class=\"link-hover-blue\"><a href=\"\/core\/master-en-sante-publique-polyvalente\/\">Master en Sant\u00e9 Publique Polyvalente <\/a><\/li>\n<li class=\"link-hover-blue\"><a href=\"\/core\/master-qualite-des-soins-et-gestion-des-services-de-sante\/\">Master en Qualit\u00e9 des Soins et Gestion des Services de Sant\u00e9 <\/a><\/li>\n<li class=\"link-hover-blue\"><a href=\"\/core\/master-hygiene-hospitaliere-et-securite-des-patients\/\">Master en Hygi\u00e8ne Hospitali\u00e8re et S\u00e9curit\u00e9 des Patients <\/a><\/li>\n<\/ul>\n<\/div>\n<div style=\"background-color: #f6f6f6; padding: 10px; margin-bottom: 2px;\">\n<p><strong>Doctorat<\/strong><\/p>\n<ul style=\"list-style-type: '\u2192 '; margin-bottom: -30px;\">\n<li class=\"link-hover-blue\"><a href=\"\/core\/doctorat-en-sante-publique\/\">Doctorat en Sant\u00e9 Publique<\/a><\/li>\n<\/ul>\n<\/div>\n<p style=\"color: white; background: #6CB6F6; padding: 5px 8px 5px 5px; border: solid 0px #6c6bf6; width: 100%; text-align: center; margin-bottom: 1px; margin-top: 5px;\"><strong>CFESCO<\/strong><\/p>\n<p style=\"color: white; background: #54d554; padding: 5px 8px 5px 5px; border: solid 0px #6c6bf6; width: 100%; text-align: center; margin-bottom: 5px;\"><strong>Cours de courte dur\u00e9e<\/strong><\/p>\n<div style=\"background-color: #f6f6f6; padding: 10px; margin-bottom: 2px;\">\n<ul style=\"list-style-type: '\u2192 '; margin-bottom: -10px;\">\n<li class=\"link-hover-blue\"><a href=\"\/core\/cours-regional-en-droits-de-sante-sexuelle-et-reproductive\/\">Cours R\u00e9gional DSSR<\/a><\/li>\n<li class=\"link-hover-blue\"><a href=\"\/core\/cours-de-leadership-one-health-de-la-cedeao\">Cours de Leadership One Health de la CEDEAO<\/a><\/li>\n<\/ul>\n<\/div>\n<div style=\"background-color: #6cb6f6; padding: 5px;\"><\/div>\n<p>[\/et_pb_blurb][\/et_pb_column][\/et_pb_row][\/et_pb_section]<\/p>\n","protected":false},"excerpt":{"rendered":"<p>Cours R\u00e9gional en Droits de Sant\u00e9 Sexuelle et ReproductiveL\u2019Institut R\u00e9gional de Sant\u00e9 Publique (IRSP) en collaboration avec l\u2019Institut Royal des Tropiques (KIT) ont identifi\u00e9 le renforcement des connaissances et l\u2019exp\u00e9rience r\u00e9gionale africaine pour lever les obstacles importants qui se posent dans sant\u00e9 sexuelle et reproductive (DSSR). En effet, dans les pays francophones d&rsquo;Afrique, il persiste [&hellip;]<\/p>\n","protected":false},"author":1,"featured_media":0,"parent":0,"menu_order":0,"comment_status":"closed","ping_status":"closed","template":"","meta":{"_et_pb_use_builder":"on","_et_pb_old_content":"","_et_gb_content_width":"","_monsterinsights_skip_tracking":false,"_monsterinsights_sitenote_active":false,"_monsterinsights_sitenote_note":"","_monsterinsights_sitenote_category":0,"footnotes":""},"class_list":["post-243","page","type-page","status-publish","hentry"],"aioseo_notices":[],"_links":{"self":[{"href":"https:\/\/irsp-ouidah.org\/core\/wp-json\/wp\/v2\/pages\/243","targetHints":{"allow":["GET"]}}],"collection":[{"href":"https:\/\/irsp-ouidah.org\/core\/wp-json\/wp\/v2\/pages"}],"about":[{"href":"https:\/\/irsp-ouidah.org\/core\/wp-json\/wp\/v2\/types\/page"}],"author":[{"embeddable":true,"href":"https:\/\/irsp-ouidah.org\/core\/wp-json\/wp\/v2\/users\/1"}],"replies":[{"embeddable":true,"href":"https:\/\/irsp-ouidah.org\/core\/wp-json\/wp\/v2\/comments?post=243"}],"version-history":[{"count":10,"href":"https:\/\/irsp-ouidah.org\/core\/wp-json\/wp\/v2\/pages\/243\/revisions"}],"predecessor-version":[{"id":987499388,"href":"https:\/\/irsp-ouidah.org\/core\/wp-json\/wp\/v2\/pages\/243\/revisions\/987499388"}],"wp:attachment":[{"href":"https:\/\/irsp-ouidah.org\/core\/wp-json\/wp\/v2\/media?parent=243"}],"curies":[{"name":"wp","href":"https:\/\/api.w.org\/{rel}","templated":true}]}}