{"id":987498466,"date":"2023-07-17T13:15:58","date_gmt":"2023-07-17T12:15:58","guid":{"rendered":"https:\/\/irsp-ouidah.org\/core\/?page_id=987498466"},"modified":"2023-07-17T16:18:33","modified_gmt":"2023-07-17T15:18:33","slug":"a-propos","status":"publish","type":"page","link":"https:\/\/irsp-ouidah.org\/core\/a-propos\/","title":{"rendered":"A PROPOS"},"content":{"rendered":"<p>[et_pb_section fb_built=\u00a0\u00bb1&Prime; admin_label=\u00a0\u00bbHero\u00a0\u00bb _builder_version=\u00a0\u00bb4.21.0&Prime; _module_preset=\u00a0\u00bbdefault\u00a0\u00bb background_color=\u00a0\u00bbRGBA(255,255,255,0)\u00a0\u00bb use_background_color_gradient=\u00a0\u00bbon\u00a0\u00bb background_color_gradient_direction=\u00a0\u00bb118deg\u00a0\u00bb background_color_gradient_stops=\u00a0\u00bbrgba(6,54,97,0.18) 0%|rgba(43,78,136,0.42) 100%\u00a0\u00bb background_color_gradient_overlays_image=\u00a0\u00bbon\u00a0\u00bb background_color_gradient_start=\u00a0\u00bb#063661&Prime; background_color_gradient_end=\u00a0\u00bbrgba(43,78,136,0.67)\u00a0\u00bb background_image=\u00a0\u00bbhttps:\/\/irsp-ouidah.org\/core\/wp-content\/uploads\/2023\/06\/IRSP_BAP_2.jpg\u00a0\u00bb custom_padding=\u00a0\u00bb40px|0px|60px|0px|false|false\u00a0\u00bb bottom_divider_style=\u00a0\u00bbslant2&Prime; bottom_divider_color=\u00a0\u00bbrgba(108,182,246,0.21)\u00a0\u00bb bottom_divider_flip=\u00a0\u00bbvertical\u00a0\u00bb bottom_divider_height_phone=\u00a0\u00bb90px\u00a0\u00bb global_colors_info=\u00a0\u00bb{}\u00a0\u00bb][et_pb_row _builder_version=\u00a0\u00bb4.16&Prime; _module_preset=\u00a0\u00bb4a126240-a5a6-4560-bd5a-c2821512a784&Prime; custom_padding=\u00a0\u00bb27px|0px|0|0px|false|false\u00a0\u00bb custom_width_px=\u00a0\u00bb1440px\u00a0\u00bb global_colors_info=\u00a0\u00bb{}\u00a0\u00bb][et_pb_column type=\u00a0\u00bb4_4&Prime; _builder_version=\u00a0\u00bb4.16&Prime; _module_preset=\u00a0\u00bbdefault\u00a0\u00bb custom_padding=\u00a0\u00bb|||\u00a0\u00bb global_colors_info=\u00a0\u00bb{}\u00a0\u00bb custom_padding__hover=\u00a0\u00bb|||\u00a0\u00bb][et_pb_text _builder_version=\u00a0\u00bb4.21.0&Prime; _module_preset=\u00a0\u00bbdefault\u00a0\u00bb text_font=\u00a0\u00bb||||||||\u00a0\u00bb header_font=\u00a0\u00bbMontserrat|800||on|||||\u00a0\u00bb header_font_size=\u00a0\u00bb60px\u00a0\u00bb header_line_height=\u00a0\u00bb1.2em\u00a0\u00bb header_2_font=\u00a0\u00bb||||||||\u00a0\u00bb background_layout=\u00a0\u00bbdark\u00a0\u00bb max_width=\u00a0\u00bb800px\u00a0\u00bb module_alignment=\u00a0\u00bbleft\u00a0\u00bb animation_style=\u00a0\u00bbfade\u00a0\u00bb header_font_size_tablet=\u00a0\u00bb50px\u00a0\u00bb header_font_size_phone=\u00a0\u00bb34px\u00a0\u00bb header_font_size_last_edited=\u00a0\u00bbon|phone\u00a0\u00bb header_text_shadow_style=\u00a0\u00bbpreset3&Prime; locked=\u00a0\u00bboff\u00a0\u00bb global_colors_info=\u00a0\u00bb{}\u00a0\u00bb]<\/p>\n<h1>\u00e0 propos<\/h1>\n<p>[\/et_pb_text][\/et_pb_column][\/et_pb_row][\/et_pb_section][et_pb_section fb_built=\u00a0\u00bb1&Prime; admin_label=\u00a0\u00bbTab_Style_13&Prime; _builder_version=\u00a0\u00bb4.21.0&Prime; _module_preset=\u00a0\u00bbdefault\u00a0\u00bb background_enable_color=\u00a0\u00bboff\u00a0\u00bb custom_margin=\u00a0\u00bb||0px||false|false\u00a0\u00bb custom_padding=\u00a0\u00bb||0px||false|false\u00a0\u00bb global_colors_info=\u00a0\u00bb{}\u00a0\u00bb][et_pb_row admin_label=\u00a0\u00bbTAB MODULE TEMPLATE 13&Prime; module_id=\u00a0\u00bbhistorique\u00a0\u00bb _builder_version=\u00a0\u00bb4.21.0&Prime; _module_preset=\u00a0\u00bb4a126240-a5a6-4560-bd5a-c2821512a784&Prime; background_color=\u00a0\u00bbrgba(69,96,96,0.03)\u00a0\u00bb custom_margin=\u00a0\u00bb3px|auto|10px|auto|false|false\u00a0\u00bb hover_enabled=\u00a0\u00bb0&Prime; border_width_bottom=\u00a0\u00bb2px\u00a0\u00bb border_color_bottom=\u00a0\u00bb#6CB6F6&Prime; global_colors_info=\u00a0\u00bb{}\u00a0\u00bb sticky_enabled=\u00a0\u00bb0&Prime;][et_pb_column type=\u00a0\u00bb4_4&Prime; _builder_version=\u00a0\u00bb4.16&Prime; _module_preset=\u00a0\u00bbdefault\u00a0\u00bb global_colors_info=\u00a0\u00bb{}\u00a0\u00bb custom_css_main_element_last_edited=\u00a0\u00bboff|tablet\u00a0\u00bb custom_css_main_element_tablet=\u00a0\u00bb||\u00a0\u00bb][et_pb_text _builder_version=\u00a0\u00bb4.21.0&Prime; _module_preset=\u00a0\u00bbdefault\u00a0\u00bb text_font=\u00a0\u00bb|700|||||||\u00a0\u00bb text_text_color=\u00a0\u00bb#54D554&Prime; text_font_size=\u00a0\u00bb25px\u00a0\u00bb text_line_height=\u00a0\u00bb1.3em\u00a0\u00bb custom_padding=\u00a0\u00bb|||25px|false|false\u00a0\u00bb global_colors_info=\u00a0\u00bb{}\u00a0\u00bb]<\/p>\n<p><span>Historique de l&rsquo;IRSP-CAQ<\/span><\/p>\n<p>[\/et_pb_text][\/et_pb_column][\/et_pb_row][et_pb_row admin_label=\u00a0\u00bbTAB MODULE TEMPLATE 13&Prime; _builder_version=\u00a0\u00bb4.21.0&Prime; _module_preset=\u00a0\u00bb4a126240-a5a6-4560-bd5a-c2821512a784&Prime; custom_padding=\u00a0\u00bb||0px||false|false\u00a0\u00bb global_colors_info=\u00a0\u00bb{}\u00a0\u00bb][et_pb_column type=\u00a0\u00bb4_4&Prime; _builder_version=\u00a0\u00bb4.16&Prime; _module_preset=\u00a0\u00bbdefault\u00a0\u00bb global_colors_info=\u00a0\u00bb{}\u00a0\u00bb custom_css_main_element_last_edited=\u00a0\u00bboff|tablet\u00a0\u00bb custom_css_main_element_tablet=\u00a0\u00bb||\u00a0\u00bb][et_pb_text _builder_version=\u00a0\u00bb4.21.0&Prime; _module_preset=\u00a0\u00bbdefault\u00a0\u00bb text_text_color=\u00a0\u00bb#484848&Prime; global_colors_info=\u00a0\u00bb{}\u00a0\u00bb]<\/p>\n<p>L\u2019Institut R\u00e9gional de Sant\u00e9 Publique Comlan Alfred Quenum<span> <\/span>\u00a0a \u00e9t\u00e9 cr\u00e9\u00e9 en 1977 par le Bureau R\u00e9gional de l\u2019OMS<span>\u00a0<\/span>pour l\u2019Afrique, \u00e0 l\u2019instigation des \u00c9tats Membres et portait le nom de l\u2019Institut de Sant\u00e9 Publique (ISP). Son si\u00e8ge \u00e9tait alors \u00e0 Cotonou.<\/p>\n<p>Cet Institut a connu une premi\u00e8re mutation en 1979 pour devenir le Centre R\u00e9gional de D\u00e9veloppement Sanitaire (CRDS). L\u2019approche p\u00e9dagogique \u00e9tait l\u2019apprentissage fond\u00e9 sur le travail en \u00e9quipe de sant\u00e9. Apr\u00e8s six ann\u00e9es de prestations, pendant lesquelles de nombreux cadres moyens et sup\u00e9rieurs ont \u00e9t\u00e9 form\u00e9s, l\u2019Institution a connu \u2013 sous diverses sollicitations de son environnement d\u2019appartenance \u2013 sa seconde mutation en 1985 et s\u2019est stabilis\u00e9e sous l\u2019appellation actuelle \u00ab\u00a0Institut R\u00e9gional de Sant\u00e9 Publique Comlan Alfred Quenum<span>\u00a0<\/span>(IRSP-CAQ)\u00a0\u00bb. Sa mise en place, son fonctionnement et son \u00e9volution se sont effectu\u00e9s dans le cadre de l\u2019Universit\u00e9 Nationale du B\u00e9nin, devenue aujourd\u2019hui Universit\u00e9 d\u2019Abomey-Calavi. La<span>\u00a0<\/span>ville historique et culturelle de Ouidah<span>\u00a0<\/span>qui abrite depuis 2002 le site de l\u2019IRSP-CAQ<span>\u00a0<\/span>est situ\u00e9e au sud -ouest du B\u00e9nin \u00e0 42 km de Cotonou et offre un cadre agr\u00e9able pour le tourisme.<\/p>\n<p>Les locaux qui l&rsquo;abritent sont le fruit de la volont\u00e9 politique des autorit\u00e9s du B\u00e9nin et de l\u2019effort financier important consenti par le pays \u00e0 travers la Banque Africaine de D\u00e9veloppement pour offrir des structures d\u2019accueil dignes des missions et du caract\u00e8re \u00e0 la foi national et international de l\u2019IRSP-CAQ.<\/p>\n<p>L\u2019OMS<span>\u00a0<\/span>pour sa part, fournit un appui technique et octroie des bourses aux apprenants.<\/p>\n<p>[\/et_pb_text][\/et_pb_column][\/et_pb_row][et_pb_row admin_label=\u00a0\u00bbTAB MODULE TEMPLATE 13&Prime; module_id=\u00a0\u00bbvision\u00a0\u00bb _builder_version=\u00a0\u00bb4.21.0&Prime; _module_preset=\u00a0\u00bb4a126240-a5a6-4560-bd5a-c2821512a784&Prime; background_color=\u00a0\u00bbrgba(69,96,96,0.03)\u00a0\u00bb custom_margin=\u00a0\u00bb50px||10px||false|false\u00a0\u00bb hover_enabled=\u00a0\u00bb0&Prime; border_width_bottom=\u00a0\u00bb2px\u00a0\u00bb border_color_bottom=\u00a0\u00bb#6CB6F6&Prime; global_colors_info=\u00a0\u00bb{}\u00a0\u00bb sticky_enabled=\u00a0\u00bb0&Prime;][et_pb_column type=\u00a0\u00bb4_4&Prime; _builder_version=\u00a0\u00bb4.16&Prime; _module_preset=\u00a0\u00bbdefault\u00a0\u00bb global_colors_info=\u00a0\u00bb{}\u00a0\u00bb custom_css_main_element_last_edited=\u00a0\u00bboff|tablet\u00a0\u00bb custom_css_main_element_tablet=\u00a0\u00bb||\u00a0\u00bb][et_pb_text _builder_version=\u00a0\u00bb4.21.0&Prime; _module_preset=\u00a0\u00bbdefault\u00a0\u00bb text_font=\u00a0\u00bb|700|||||||\u00a0\u00bb text_text_color=\u00a0\u00bb#54D554&Prime; text_font_size=\u00a0\u00bb25px\u00a0\u00bb text_line_height=\u00a0\u00bb1.3em\u00a0\u00bb custom_padding=\u00a0\u00bb|||25px|false|false\u00a0\u00bb global_colors_info=\u00a0\u00bb{}\u00a0\u00bb]<\/p>\n<p><span>NOTRE VISION<\/span><\/p>\n<p>[\/et_pb_text][\/et_pb_column][\/et_pb_row][et_pb_row column_structure=\u00a0\u00bb1_2,1_2&Prime; admin_label=\u00a0\u00bbTAB MODULE TEMPLATE 13&Prime; _builder_version=\u00a0\u00bb4.21.0&Prime; _module_preset=\u00a0\u00bb4a126240-a5a6-4560-bd5a-c2821512a784&Prime; global_colors_info=\u00a0\u00bb{}\u00a0\u00bb][et_pb_column type=\u00a0\u00bb1_2&Prime; _builder_version=\u00a0\u00bb4.21.0&Prime; _module_preset=\u00a0\u00bbdefault\u00a0\u00bb global_colors_info=\u00a0\u00bb{}\u00a0\u00bb][et_pb_image src=\u00a0\u00bbhttps:\/\/irsp-ouidah.org\/core\/wp-content\/uploads\/2023\/07\/vision.png\u00a0\u00bb title_text=\u00a0\u00bbvision\u00a0\u00bb align=\u00a0\u00bbcenter\u00a0\u00bb _builder_version=\u00a0\u00bb4.21.0&Prime; _module_preset=\u00a0\u00bbdefault\u00a0\u00bb width=\u00a0\u00bb80%\u00a0\u00bb module_alignment=\u00a0\u00bbcenter\u00a0\u00bb border_radii=\u00a0\u00bbon|20px|20px|20px|20px\u00a0\u00bb global_colors_info=\u00a0\u00bb{}\u00a0\u00bb][\/et_pb_image][\/et_pb_column][et_pb_column type=\u00a0\u00bb1_2&Prime; _builder_version=\u00a0\u00bb4.16&Prime; _module_preset=\u00a0\u00bbdefault\u00a0\u00bb global_colors_info=\u00a0\u00bb{}\u00a0\u00bb custom_css_main_element_last_edited=\u00a0\u00bboff|tablet\u00a0\u00bb custom_css_main_element_tablet=\u00a0\u00bb||\u00a0\u00bb][et_pb_text _builder_version=\u00a0\u00bb4.21.0&Prime; _module_preset=\u00a0\u00bbdefault\u00a0\u00bb text_text_color=\u00a0\u00bb#484848&Prime; global_colors_info=\u00a0\u00bb{}\u00a0\u00bb]<\/p>\n<p>L\u2019IRSP-CAQ doit contribuer \u00e0 l\u2019am\u00e9lioration de la performance des syst\u00e8mes de sant\u00e9 pour le d\u00e9veloppement sanitaire des pays de la R\u00e9gion Africaine de l\u2019Organisation Mondiale de la Sant\u00e9 (OMS).<\/p>\n<p>Pour ce faire, il participe au renforcement des comp\u00e9tences professionnelles des cadres de sant\u00e9 et accompagne les Minist\u00e8res de la Sant\u00e9 dans leurs actions pour la satisfaction des besoins en sant\u00e9 de populations.<\/p>\n<p>[\/et_pb_text][\/et_pb_column][\/et_pb_row][et_pb_row admin_label=\u00a0\u00bbTAB MODULE TEMPLATE 13&Prime; module_id=\u00a0\u00bbmission\u00a0\u00bb _builder_version=\u00a0\u00bb4.21.0&Prime; _module_preset=\u00a0\u00bb4a126240-a5a6-4560-bd5a-c2821512a784&Prime; background_color=\u00a0\u00bbrgba(69,96,96,0.03)\u00a0\u00bb custom_margin=\u00a0\u00bb1px|auto|10px|auto|false|false\u00a0\u00bb hover_enabled=\u00a0\u00bb0&Prime; border_width_bottom=\u00a0\u00bb2px\u00a0\u00bb border_color_bottom=\u00a0\u00bb#6CB6F6&Prime; global_colors_info=\u00a0\u00bb{}\u00a0\u00bb sticky_enabled=\u00a0\u00bb0&Prime;][et_pb_column type=\u00a0\u00bb4_4&Prime; _builder_version=\u00a0\u00bb4.16&Prime; _module_preset=\u00a0\u00bbdefault\u00a0\u00bb global_colors_info=\u00a0\u00bb{}\u00a0\u00bb custom_css_main_element_last_edited=\u00a0\u00bboff|tablet\u00a0\u00bb custom_css_main_element_tablet=\u00a0\u00bb||\u00a0\u00bb][et_pb_text _builder_version=\u00a0\u00bb4.21.0&Prime; _module_preset=\u00a0\u00bbdefault\u00a0\u00bb text_font=\u00a0\u00bb|700|||||||\u00a0\u00bb text_text_color=\u00a0\u00bb#54D554&Prime; text_font_size=\u00a0\u00bb25px\u00a0\u00bb text_line_height=\u00a0\u00bb1.3em\u00a0\u00bb custom_padding=\u00a0\u00bb|||25px|false|false\u00a0\u00bb global_colors_info=\u00a0\u00bb{}\u00a0\u00bb]<\/p>\n<p><span>NOTRE MISSION<\/span><\/p>\n<p>[\/et_pb_text][\/et_pb_column][\/et_pb_row][et_pb_row column_structure=\u00a0\u00bb1_2,1_2&Prime; admin_label=\u00a0\u00bbTAB MODULE TEMPLATE 13&Prime; _builder_version=\u00a0\u00bb4.21.0&Prime; _module_preset=\u00a0\u00bb4a126240-a5a6-4560-bd5a-c2821512a784&Prime; custom_margin=\u00a0\u00bb|auto|-4px|auto|false|false\u00a0\u00bb custom_padding=\u00a0\u00bb||0px||false|false\u00a0\u00bb global_colors_info=\u00a0\u00bb{}\u00a0\u00bb][et_pb_column type=\u00a0\u00bb1_2&Prime; _builder_version=\u00a0\u00bb4.16&Prime; _module_preset=\u00a0\u00bbdefault\u00a0\u00bb global_colors_info=\u00a0\u00bb{}\u00a0\u00bb custom_css_main_element_last_edited=\u00a0\u00bboff|tablet\u00a0\u00bb custom_css_main_element_tablet=\u00a0\u00bb||\u00a0\u00bb][et_pb_text _builder_version=\u00a0\u00bb4.21.0&Prime; _module_preset=\u00a0\u00bbdefault\u00a0\u00bb text_text_color=\u00a0\u00bb#484848&Prime; hover_enabled=\u00a0\u00bb0&Prime; global_colors_info=\u00a0\u00bb{}\u00a0\u00bb custom_margin=\u00a0\u00bb10px||||false|false\u00a0\u00bb sticky_enabled=\u00a0\u00bb0&Prime;]<\/p>\n<p>L\u2019Institut R\u00e9gional de Sant\u00e9 Publique Comlan Alfred Quenum devient un p\u00f4le d\u2019excellence av\u00e9r\u00e9 et reconnu offrant une gamme vari\u00e9e et compl\u00e8te de formations, menant des activit\u00e9s de recherches et r\u00e9alisant des expertises et des prestations de services qui apportent une contribution appropri\u00e9e et sp\u00e9cifique \u00e0 la r\u00e9solution des grands d\u00e9fis de d\u00e9veloppement sanitaire des pays de la R\u00e9gion Africaine.<\/p>\n<p>[\/et_pb_text][\/et_pb_column][et_pb_column type=\u00a0\u00bb1_2&Prime; _builder_version=\u00a0\u00bb4.21.0&Prime; _module_preset=\u00a0\u00bbdefault\u00a0\u00bb custom_padding=\u00a0\u00bb||||false|false\u00a0\u00bb border_radii=\u00a0\u00bbon|10px|10px|10px|10px\u00a0\u00bb border_color_all=\u00a0\u00bb#6CB6F6&Prime; global_colors_info=\u00a0\u00bb{}\u00a0\u00bb custom_css_main_element_last_edited=\u00a0\u00bboff|tablet\u00a0\u00bb custom_css_main_element_tablet=\u00a0\u00bb||\u00a0\u00bb][et_pb_image src=\u00a0\u00bbhttps:\/\/irsp-ouidah.org\/core\/wp-content\/uploads\/2023\/07\/rocket-g8b8d9de91_640.png\u00a0\u00bb title_text=\u00a0\u00bbrocket-g8b8d9de91_640&Prime; align=\u00a0\u00bbcenter\u00a0\u00bb _builder_version=\u00a0\u00bb4.21.0&Prime; _module_preset=\u00a0\u00bbdefault\u00a0\u00bb width=\u00a0\u00bb40%\u00a0\u00bb module_alignment=\u00a0\u00bbcenter\u00a0\u00bb hover_enabled=\u00a0\u00bb0&Prime; border_radii=\u00a0\u00bbon|20px|20px|20px|20px\u00a0\u00bb global_colors_info=\u00a0\u00bb{}\u00a0\u00bb sticky_enabled=\u00a0\u00bb0&Prime;][\/et_pb_image][\/et_pb_column][\/et_pb_row][et_pb_row admin_label=\u00a0\u00bbTAB MODULE TEMPLATE 13&Prime; module_id=\u00a0\u00bbvaleurs\u00a0\u00bb _builder_version=\u00a0\u00bb4.21.0&Prime; _module_preset=\u00a0\u00bb4a126240-a5a6-4560-bd5a-c2821512a784&Prime; background_color=\u00a0\u00bbrgba(69,96,96,0.03)\u00a0\u00bb custom_margin=\u00a0\u00bb10px|auto|10px|auto|false|false\u00a0\u00bb hover_enabled=\u00a0\u00bb0&Prime; border_width_bottom=\u00a0\u00bb2px\u00a0\u00bb border_color_bottom=\u00a0\u00bb#6CB6F6&Prime; global_colors_info=\u00a0\u00bb{}\u00a0\u00bb sticky_enabled=\u00a0\u00bb0&Prime;][et_pb_column type=\u00a0\u00bb4_4&Prime; _builder_version=\u00a0\u00bb4.16&Prime; _module_preset=\u00a0\u00bbdefault\u00a0\u00bb global_colors_info=\u00a0\u00bb{}\u00a0\u00bb custom_css_main_element_last_edited=\u00a0\u00bboff|tablet\u00a0\u00bb custom_css_main_element_tablet=\u00a0\u00bb||\u00a0\u00bb][et_pb_text _builder_version=\u00a0\u00bb4.21.0&Prime; _module_preset=\u00a0\u00bbdefault\u00a0\u00bb text_font=\u00a0\u00bb|700|||||||\u00a0\u00bb text_text_color=\u00a0\u00bb#54D554&Prime; text_font_size=\u00a0\u00bb25px\u00a0\u00bb text_line_height=\u00a0\u00bb1.3em\u00a0\u00bb custom_padding=\u00a0\u00bb|||25px|false|false\u00a0\u00bb hover_enabled=\u00a0\u00bb0&Prime; global_colors_info=\u00a0\u00bb{}\u00a0\u00bb sticky_enabled=\u00a0\u00bb0&Prime;]<\/p>\n<p><span>NOS VALEURS<\/span><\/p>\n<p>[\/et_pb_text][\/et_pb_column][\/et_pb_row][et_pb_row column_structure=\u00a0\u00bb1_2,1_2&Prime; admin_label=\u00a0\u00bbTAB MODULE TEMPLATE 13&Prime; _builder_version=\u00a0\u00bb4.21.0&Prime; _module_preset=\u00a0\u00bb4a126240-a5a6-4560-bd5a-c2821512a784&Prime; hover_enabled=\u00a0\u00bb0&Prime; global_colors_info=\u00a0\u00bb{}\u00a0\u00bb custom_margin=\u00a0\u00bb||50px||false|false\u00a0\u00bb sticky_enabled=\u00a0\u00bb0&Prime;][et_pb_column type=\u00a0\u00bb1_2&Prime; _builder_version=\u00a0\u00bb4.21.0&Prime; _module_preset=\u00a0\u00bbdefault\u00a0\u00bb global_colors_info=\u00a0\u00bb{}\u00a0\u00bb][et_pb_image src=\u00a0\u00bbhttps:\/\/irsp-ouidah.org\/core\/wp-content\/uploads\/2023\/07\/gemstone-g2cc64502e_640.png\u00a0\u00bb title_text=\u00a0\u00bbgemstone-g2cc64502e_640&Prime; align=\u00a0\u00bbcenter\u00a0\u00bb _builder_version=\u00a0\u00bb4.21.0&Prime; _module_preset=\u00a0\u00bbdefault\u00a0\u00bb width=\u00a0\u00bb46%\u00a0\u00bb module_alignment=\u00a0\u00bbcenter\u00a0\u00bb hover_enabled=\u00a0\u00bb0&Prime; border_radii=\u00a0\u00bbon|20px|20px|20px|20px\u00a0\u00bb global_colors_info=\u00a0\u00bb{}\u00a0\u00bb sticky_enabled=\u00a0\u00bb0&Prime;][\/et_pb_image][\/et_pb_column][et_pb_column type=\u00a0\u00bb1_2&Prime; _builder_version=\u00a0\u00bb4.16&Prime; _module_preset=\u00a0\u00bbdefault\u00a0\u00bb global_colors_info=\u00a0\u00bb{}\u00a0\u00bb custom_css_main_element_last_edited=\u00a0\u00bboff|tablet\u00a0\u00bb custom_css_main_element_tablet=\u00a0\u00bb||\u00a0\u00bb][et_pb_text _builder_version=\u00a0\u00bb4.21.0&Prime; _module_preset=\u00a0\u00bbdefault\u00a0\u00bb text_text_color=\u00a0\u00bb#484848&Prime; hover_enabled=\u00a0\u00bb0&Prime; global_colors_info=\u00a0\u00bb{}\u00a0\u00bb sticky_enabled=\u00a0\u00bb0&Prime;]<\/p>\n<p>Cinq valeurs sous-tendent chacune des actions de l\u2019Institut R\u00e9gional de Sant\u00e9 Publique Comlan Alfred Quenum :<\/p>\n<p>&nbsp;<\/p>\n<ul>\n<li style=\"list-style-type: none;\">\n<ul>\n<li style=\"list-style-type: none;\">\n<ul>\n<li>Responsabilit\u00e9<\/li>\n<li>Humilit\u00e9<\/li>\n<li>Solidarit\u00e9<\/li>\n<li>Int\u00e9grit\u00e9<\/li>\n<li>D\u00e9termination<\/li>\n<\/ul>\n<\/li>\n<\/ul>\n<\/li>\n<\/ul>\n<p>[\/et_pb_text][\/et_pb_column][\/et_pb_row][\/et_pb_section]<\/p>\n","protected":false},"excerpt":{"rendered":"<p>\u00e0 proposHistorique de l&rsquo;IRSP-CAQL\u2019Institut R\u00e9gional de Sant\u00e9 Publique Comlan Alfred Quenum \u00a0a \u00e9t\u00e9 cr\u00e9\u00e9 en 1977 par le Bureau R\u00e9gional de l\u2019OMS\u00a0pour l\u2019Afrique, \u00e0 l\u2019instigation des \u00c9tats Membres et portait le nom de l\u2019Institut de Sant\u00e9 Publique (ISP). Son si\u00e8ge \u00e9tait alors \u00e0 Cotonou. Cet Institut a connu une premi\u00e8re mutation en 1979 pour devenir [&hellip;]<\/p>\n","protected":false},"author":1,"featured_media":0,"parent":0,"menu_order":0,"comment_status":"closed","ping_status":"closed","template":"","meta":{"_et_pb_use_builder":"on","_et_pb_old_content":"","_et_gb_content_width":"","_monsterinsights_skip_tracking":false,"_monsterinsights_sitenote_active":false,"_monsterinsights_sitenote_note":"","_monsterinsights_sitenote_category":0,"footnotes":""},"class_list":["post-987498466","page","type-page","status-publish","hentry"],"aioseo_notices":[],"_links":{"self":[{"href":"https:\/\/irsp-ouidah.org\/core\/wp-json\/wp\/v2\/pages\/987498466","targetHints":{"allow":["GET"]}}],"collection":[{"href":"https:\/\/irsp-ouidah.org\/core\/wp-json\/wp\/v2\/pages"}],"about":[{"href":"https:\/\/irsp-ouidah.org\/core\/wp-json\/wp\/v2\/types\/page"}],"author":[{"embeddable":true,"href":"https:\/\/irsp-ouidah.org\/core\/wp-json\/wp\/v2\/users\/1"}],"replies":[{"embeddable":true,"href":"https:\/\/irsp-ouidah.org\/core\/wp-json\/wp\/v2\/comments?post=987498466"}],"version-history":[{"count":6,"href":"https:\/\/irsp-ouidah.org\/core\/wp-json\/wp\/v2\/pages\/987498466\/revisions"}],"predecessor-version":[{"id":987498479,"href":"https:\/\/irsp-ouidah.org\/core\/wp-json\/wp\/v2\/pages\/987498466\/revisions\/987498479"}],"wp:attachment":[{"href":"https:\/\/irsp-ouidah.org\/core\/wp-json\/wp\/v2\/media?parent=987498466"}],"curies":[{"name":"wp","href":"https:\/\/api.w.org\/{rel}","templated":true}]}}